{"id":7213,"date":"2019-11-07T10:50:04","date_gmt":"2019-11-07T07:50:04","guid":{"rendered":"https:\/\/watershop.md\/?post_type=product&#038;p=7213"},"modified":"2025-11-28T13:52:52","modified_gmt":"2025-11-28T10:52:52","slug":"%d1%80%d0%be%d0%b4%d0%bd%d0%b8%d0%ba%d0%be%d0%b2%d0%b0%d1%8f-%d0%b2%d0%be%d0%b4%d0%b0-%d0%b1%d0%b0%d1%85%d0%bc%d0%b0%d1%80%d0%be-6-%d0%bb","status":"publish","type":"product","link":"https:\/\/watershop.md\/ro\/produs\/%d1%80%d0%be%d0%b4%d0%bd%d0%b8%d0%ba%d0%be%d0%b2%d0%b0%d1%8f-%d0%b2%d0%be%d0%b4%d0%b0-%d0%b1%d0%b0%d1%85%d0%bc%d0%b0%d1%80%d0%be-6-%d0%bb\/","title":{"rendered":"\u0420\u043e\u0434\u043d\u0438\u043a\u043e\u0432\u0430\u044f \u0412\u043e\u0434\u0430 \u0411\u0430\u0445\u043c\u0430\u0440\u043e, 6\u043b"},"content":{"rendered":"<p>Apa de izvor cu un con\u021binut mineral foarte sc\u0103zut, \u00een structura chimic\u0103 a careia predomin\u0103 hidrogencarbonat \u0219i calciu, este foarte util pentru organism. Este bogat in oxigen natural si are aroma usoara extraordinara.<\/p>\n<p>Surs\u0103 de ap\u0103 Bakhmaro este situat\u0103 la 1,5 kilometri de uzin\u0103, iar apa este livrat\u0103 la uzina de o conduct\u0103 unde trece prin mai multe etape de filtrare, \u0219i \u00een acela\u0219i timp, nu schimb\u0103 compozi\u021bia sa original\u0103 chimice. Este aprobat\u0103 \u0219i recomandat\u0103 pentru utilizarea \u00een alimenta\u021bia copiilor.<strong> Nivelul de mineralizare = 0,08-0,12 g\/l<\/strong><\/p>","protected":false},"excerpt":{"rendered":"<p>\u041f\u0440\u0435\u0441\u043d\u0430\u044f \u0432\u043e\u0434\u0430 \u0441\u00a0\u043e\u0447\u0435\u043d\u044c \u043d\u0438\u0437\u043a\u043e\u0439 \u043c\u0438\u043d\u0435\u0440\u0430\u043b\u0438\u0437\u0430\u0446\u0438\u0435\u0439, \u0432\u00a0\u0445\u0438\u043c\u0438\u0447\u0435\u0441\u043a\u043e\u043c \u0441\u043e\u0441\u0442\u0430\u0432\u0435 \u043a\u043e\u0442\u043e\u0440\u043e\u0439 \u043f\u0440\u0435\u043e\u0431\u043b\u0430\u0434\u0430\u0435\u0442 \u0433\u0438\u0434\u0440\u043e\u043a\u0430\u0440\u0431\u043e\u043d\u0430\u0442 \u0438\u00a0\u043a\u0430\u043b\u044c\u0446\u0438\u0439, \u043e\u0447\u0435\u043d\u044c \u043f\u043e\u043b\u0435\u0437\u043d\u044b\u0435 \u0434\u043b\u044f\u00a0\u043e\u0440\u0433\u0430\u043d\u0438\u0437\u043c\u0430. \u041e\u043d\u0430 \u0431\u043e\u0433\u0430\u0442\u0430 \u0435\u0441\u0442\u0435\u0441\u0442\u0432\u0435\u043d\u043d\u044b\u043c \u043a\u0438\u0441\u043b\u043e\u0440\u043e\u0434\u043e\u043c \u0438\u00a0\u043e\u0431\u043b\u0430\u0434\u0430\u0435\u0442 \u043d\u0435\u043e\u0431\u044b\u043a\u043d\u043e\u0432\u0435\u043d\u043d\u044b\u043c<\/p>","protected":false},"featured_media":28893,"template":"","meta":[],"product_cat":[97,98],"product_tag":[],"class_list":["post-7213","product","type-product","status-publish","has-post-thumbnail","hentry","product_cat-97","product_cat-98"],"aioseo_notices":[],"_links":{"self":[{"href":"https:\/\/watershop.md\/ro\/wp-json\/wp\/v2\/product\/7213","targetHints":{"allow":["GET"]}}],"collection":[{"href":"https:\/\/watershop.md\/ro\/wp-json\/wp\/v2\/product"}],"about":[{"href":"https:\/\/watershop.md\/ro\/wp-json\/wp\/v2\/types\/product"}],"wp:featuredmedia":[{"embeddable":true,"href":"https:\/\/watershop.md\/ro\/wp-json\/wp\/v2\/media\/28893"}],"wp:attachment":[{"href":"https:\/\/watershop.md\/ro\/wp-json\/wp\/v2\/media?parent=7213"}],"wp:term":[{"taxonomy":"product_cat","embeddable":true,"href":"https:\/\/watershop.md\/ro\/wp-json\/wp\/v2\/product_cat?post=7213"},{"taxonomy":"product_tag","embeddable":true,"href":"https:\/\/watershop.md\/ro\/wp-json\/wp\/v2\/product_tag?post=7213"}],"curies":[{"name":"wp","href":"https:\/\/api.w.org\/{rel}","templated":true}]}}