{"id":28237,"date":"2025-10-08T13:02:21","date_gmt":"2025-10-08T10:02:21","guid":{"rendered":"https:\/\/watershop.md\/?post_type=product&#038;p=28237"},"modified":"2025-12-25T11:33:43","modified_gmt":"2025-12-25T08:33:43","slug":"aqua-carpatica-apa-minerala-gazata-05-l-12","status":"publish","type":"product","link":"https:\/\/watershop.md\/ro\/produs\/aqua-carpatica-apa-minerala-gazata-05-l-12\/","title":{"rendered":"AQUA CARPATICA Apa Minerala gazat\u0103 12*0,5l"},"content":{"rendered":"<p>AQUA Carpatica Intens GAZAT\u0102 este alegerea ideal\u0103 pentru cei care iubesc senza\u021bia revigorant\u0103 a bulelor fine \u0219i gustul pur al unei ape minerale naturale autentice. Provenit\u0103 din inima Mun\u021bilor Carpa\u021bi, aceast\u0103 ap\u0103 este filtrat\u0103 natural prin straturi de roc\u0103 vulcanic\u0103, p\u0103str\u00e2nd un con\u021binut echilibrat de minerale \u0219i o puritate remarcabil\u0103.<\/p>","protected":false},"excerpt":{"rendered":"<p>AQUA Carpatica Intens GAZAT\u0102 este alegerea ideal\u0103 pentru cei care iubesc senza\u021bia revigorant\u0103 a bulelor fine \u0219i gustul pur al<\/p>","protected":false},"featured_media":28236,"template":"","meta":[],"product_cat":[165,98],"product_tag":[],"class_list":["post-28237","product","type-product","status-publish","has-post-thumbnail","hentry","product_cat-aqua-carpatica---","product_cat-98"],"aioseo_notices":[],"_links":{"self":[{"href":"https:\/\/watershop.md\/ro\/wp-json\/wp\/v2\/product\/28237","targetHints":{"allow":["GET"]}}],"collection":[{"href":"https:\/\/watershop.md\/ro\/wp-json\/wp\/v2\/product"}],"about":[{"href":"https:\/\/watershop.md\/ro\/wp-json\/wp\/v2\/types\/product"}],"wp:featuredmedia":[{"embeddable":true,"href":"https:\/\/watershop.md\/ro\/wp-json\/wp\/v2\/media\/28236"}],"wp:attachment":[{"href":"https:\/\/watershop.md\/ro\/wp-json\/wp\/v2\/media?parent=28237"}],"wp:term":[{"taxonomy":"product_cat","embeddable":true,"href":"https:\/\/watershop.md\/ro\/wp-json\/wp\/v2\/product_cat?post=28237"},{"taxonomy":"product_tag","embeddable":true,"href":"https:\/\/watershop.md\/ro\/wp-json\/wp\/v2\/product_tag?post=28237"}],"curies":[{"name":"wp","href":"https:\/\/api.w.org\/{rel}","templated":true}]}}