{"id":27654,"date":"2025-08-28T14:14:52","date_gmt":"2025-08-28T11:14:52","guid":{"rendered":"https:\/\/watershop.md\/?post_type=product&#038;p=27654"},"modified":"2025-11-28T14:16:06","modified_gmt":"2025-11-28T11:16:06","slug":"%d0%bc%d0%be%d0%bb%d0%be%d0%ba%d0%be-moomoomilk-25-1-%d0%bb","status":"publish","type":"product","link":"https:\/\/watershop.md\/ro\/produs\/%d0%bc%d0%be%d0%bb%d0%be%d0%ba%d0%be-moomoomilk-25-1-%d0%bb\/","title":{"rendered":"\u041c\u043e\u043b\u043e\u043a\u043e \u201eMooMooMilk\u201d 2,5% 1\u043b"},"content":{"rendered":"<p>Lapte gustos \u0219i hr\u0103nitor, cu un con\u021binut optim de gr\u0103sime de <strong data-start=\"184\" data-end=\"192\">2,5 % <\/strong>, ob\u021binut din materii prime de calitate superioar\u0103. Este ideal pentru consum zilnic, at\u00e2t simplu, c\u00e2t \u0219i ad\u0103ugat \u00een cafea, ceai, cereale sau preparate culinare.<\/p>","protected":false},"excerpt":{"rendered":"<p>Lapte gustos \u0219i hr\u0103nitor, cu un con\u021binut optim de gr\u0103sime de 2,5 % , ob\u021binut din materii prime de calitate<\/p>","protected":false},"featured_media":28967,"template":"","meta":[],"product_cat":[93],"product_tag":[],"class_list":["post-27654","product","type-product","status-publish","has-post-thumbnail","hentry","product_cat-93"],"aioseo_notices":[],"_links":{"self":[{"href":"https:\/\/watershop.md\/ro\/wp-json\/wp\/v2\/product\/27654","targetHints":{"allow":["GET"]}}],"collection":[{"href":"https:\/\/watershop.md\/ro\/wp-json\/wp\/v2\/product"}],"about":[{"href":"https:\/\/watershop.md\/ro\/wp-json\/wp\/v2\/types\/product"}],"wp:featuredmedia":[{"embeddable":true,"href":"https:\/\/watershop.md\/ro\/wp-json\/wp\/v2\/media\/28967"}],"wp:attachment":[{"href":"https:\/\/watershop.md\/ro\/wp-json\/wp\/v2\/media?parent=27654"}],"wp:term":[{"taxonomy":"product_cat","embeddable":true,"href":"https:\/\/watershop.md\/ro\/wp-json\/wp\/v2\/product_cat?post=27654"},{"taxonomy":"product_tag","embeddable":true,"href":"https:\/\/watershop.md\/ro\/wp-json\/wp\/v2\/product_tag?post=27654"}],"curies":[{"name":"wp","href":"https:\/\/api.w.org\/{rel}","templated":true}]}}