{"id":26958,"date":"2025-07-10T12:46:13","date_gmt":"2025-07-10T09:46:13","guid":{"rendered":"https:\/\/watershop.md\/?post_type=product&#038;p=26958"},"modified":"2026-01-27T12:13:15","modified_gmt":"2026-01-27T09:13:15","slug":"floris-ulei-de-floarea-soarelui-955ml","status":"publish","type":"product","link":"https:\/\/watershop.md\/ro\/produs\/floris-ulei-de-floarea-soarelui-955ml\/","title":{"rendered":"FLORIS Ulei de floarea soarelui 955ml"},"content":{"rendered":"<p>Ulei rafinat de floarea-soarelui, de \u00eenalt\u0103 calitate, cu gust neutru \u0219i textur\u0103 u\u0219oar\u0103. Ideal pentru g\u0103tit, pr\u0103jit, salate \u0219i diverse preparate culinare. Ambalajul de <strong data-start=\"327\" data-end=\"337\">955 ml<\/strong> este practic \u0219i convenabil pentru utilizarea zilnic\u0103 \u00een buc\u0103t\u0103rie.<\/p>","protected":false},"excerpt":{"rendered":"<p>Ulei rafinat de floarea-soarelui, de \u00eenalt\u0103 calitate, cu gust neutru \u0219i textur\u0103 u\u0219oar\u0103. Ideal pentru g\u0103tit, pr\u0103jit, salate \u0219i diverse<\/p>","protected":false},"featured_media":26994,"template":"","meta":[],"product_cat":[15],"product_tag":[],"class_list":["post-26958","product","type-product","status-publish","has-post-thumbnail","hentry","product_cat-uncategorized"],"aioseo_notices":[],"_links":{"self":[{"href":"https:\/\/watershop.md\/ro\/wp-json\/wp\/v2\/product\/26958","targetHints":{"allow":["GET"]}}],"collection":[{"href":"https:\/\/watershop.md\/ro\/wp-json\/wp\/v2\/product"}],"about":[{"href":"https:\/\/watershop.md\/ro\/wp-json\/wp\/v2\/types\/product"}],"wp:featuredmedia":[{"embeddable":true,"href":"https:\/\/watershop.md\/ro\/wp-json\/wp\/v2\/media\/26994"}],"wp:attachment":[{"href":"https:\/\/watershop.md\/ro\/wp-json\/wp\/v2\/media?parent=26958"}],"wp:term":[{"taxonomy":"product_cat","embeddable":true,"href":"https:\/\/watershop.md\/ro\/wp-json\/wp\/v2\/product_cat?post=26958"},{"taxonomy":"product_tag","embeddable":true,"href":"https:\/\/watershop.md\/ro\/wp-json\/wp\/v2\/product_tag?post=26958"}],"curies":[{"name":"wp","href":"https:\/\/api.w.org\/{rel}","templated":true}]}}