{"id":26289,"date":"2025-05-16T12:52:45","date_gmt":"2025-05-16T09:52:45","guid":{"rendered":"https:\/\/watershop.md\/?post_type=product&#038;p=26289"},"modified":"2025-12-25T11:33:03","modified_gmt":"2025-12-25T08:33:03","slug":"%d0%bc%d0%be%d0%bb%d0%be%d0%ba%d0%be-%d1%84%d0%b5%d1%80%d0%bc%d0%b0-32-1-%d0%bb","status":"publish","type":"product","link":"https:\/\/watershop.md\/ro\/produs\/%d0%bc%d0%be%d0%bb%d0%be%d0%ba%d0%be-%d1%84%d0%b5%d1%80%d0%bc%d0%b0-32-1-%d0%bb\/","title":{"rendered":"\u041c\u043e\u043b\u043e\u043a\u043e \u201e\u0424\u0415\u0420\u041c\u0410\u201d 3,2% 1\u043b"},"content":{"rendered":"<p>Lapte natural cu gust bogat \u0219i consisten\u021b\u0103 delicat\u0103, ideal pentru consum zilnic. Con\u021bine <strong data-start=\"229\" data-end=\"245\">3,2% gr\u0103sime<\/strong>, fiind o surs\u0103 excelent\u0103 de calciu \u0219i proteine necesare unei alimenta\u021bii echilibrate. Perfect pentru b\u0103ut simplu, cu cafea, ceai sau pentru preparate culinare.<\/p>","protected":false},"excerpt":{"rendered":"<p>Lapte natural cu gust bogat \u0219i consisten\u021b\u0103 delicat\u0103, ideal pentru consum zilnic. Con\u021bine 3,2% gr\u0103sime, fiind o surs\u0103 excelent\u0103 de<\/p>","protected":false},"featured_media":28970,"template":"","meta":[],"product_cat":[93],"product_tag":[],"class_list":["post-26289","product","type-product","status-publish","has-post-thumbnail","hentry","product_cat-93"],"aioseo_notices":[],"_links":{"self":[{"href":"https:\/\/watershop.md\/ro\/wp-json\/wp\/v2\/product\/26289","targetHints":{"allow":["GET"]}}],"collection":[{"href":"https:\/\/watershop.md\/ro\/wp-json\/wp\/v2\/product"}],"about":[{"href":"https:\/\/watershop.md\/ro\/wp-json\/wp\/v2\/types\/product"}],"wp:featuredmedia":[{"embeddable":true,"href":"https:\/\/watershop.md\/ro\/wp-json\/wp\/v2\/media\/28970"}],"wp:attachment":[{"href":"https:\/\/watershop.md\/ro\/wp-json\/wp\/v2\/media?parent=26289"}],"wp:term":[{"taxonomy":"product_cat","embeddable":true,"href":"https:\/\/watershop.md\/ro\/wp-json\/wp\/v2\/product_cat?post=26289"},{"taxonomy":"product_tag","embeddable":true,"href":"https:\/\/watershop.md\/ro\/wp-json\/wp\/v2\/product_tag?post=26289"}],"curies":[{"name":"wp","href":"https:\/\/api.w.org\/{rel}","templated":true}]}}