{"id":25789,"date":"2025-04-04T14:08:45","date_gmt":"2025-04-04T11:08:45","guid":{"rendered":"https:\/\/watershop.md\/?post_type=product&#038;p=25789"},"modified":"2025-11-28T14:16:43","modified_gmt":"2025-11-28T11:16:43","slug":"%d0%bc%d0%be%d0%bb%d0%be%d0%ba%d0%be-%d1%84%d0%b5%d1%80%d0%bc%d0%b0-25-1-%d0%bb","status":"publish","type":"product","link":"https:\/\/watershop.md\/ro\/produs\/%d0%bc%d0%be%d0%bb%d0%be%d0%ba%d0%be-%d1%84%d0%b5%d1%80%d0%bc%d0%b0-25-1-%d0%bb\/","title":{"rendered":"\u041c\u043e\u043b\u043e\u043a\u043e \u201e\u0424\u0415\u0420\u041c\u0410\u201d 2,5% 1\u043b"},"content":{"rendered":"<p>Lapte natural cu gust bogat \u0219i consisten\u021b\u0103 delicat\u0103, ideal pentru consum zilnic. Con\u021bine 2,5 <strong data-start=\"229\" data-end=\"245\">% gr\u0103sime<\/strong>, fiind o surs\u0103 excelent\u0103 de calciu \u0219i proteine necesare unei alimenta\u021bii echilibrate. Perfect pentru b\u0103ut simplu, cu cafea, ceai sau pentru preparate culinare.<\/p>","protected":false},"excerpt":{"rendered":"<p>Lapte natural cu gust bogat \u0219i consisten\u021b\u0103 delicat\u0103, ideal pentru consum zilnic. Con\u021bine 2,5 % gr\u0103sime, fiind o surs\u0103 excelent\u0103<\/p>","protected":false},"featured_media":28969,"template":"","meta":[],"product_cat":[93],"product_tag":[],"class_list":["post-25789","product","type-product","status-publish","has-post-thumbnail","hentry","product_cat-93"],"aioseo_notices":[],"_links":{"self":[{"href":"https:\/\/watershop.md\/ro\/wp-json\/wp\/v2\/product\/25789","targetHints":{"allow":["GET"]}}],"collection":[{"href":"https:\/\/watershop.md\/ro\/wp-json\/wp\/v2\/product"}],"about":[{"href":"https:\/\/watershop.md\/ro\/wp-json\/wp\/v2\/types\/product"}],"wp:featuredmedia":[{"embeddable":true,"href":"https:\/\/watershop.md\/ro\/wp-json\/wp\/v2\/media\/28969"}],"wp:attachment":[{"href":"https:\/\/watershop.md\/ro\/wp-json\/wp\/v2\/media?parent=25789"}],"wp:term":[{"taxonomy":"product_cat","embeddable":true,"href":"https:\/\/watershop.md\/ro\/wp-json\/wp\/v2\/product_cat?post=25789"},{"taxonomy":"product_tag","embeddable":true,"href":"https:\/\/watershop.md\/ro\/wp-json\/wp\/v2\/product_tag?post=25789"}],"curies":[{"name":"wp","href":"https:\/\/api.w.org\/{rel}","templated":true}]}}