{"id":22869,"date":"2024-08-13T11:36:32","date_gmt":"2024-08-13T08:36:32","guid":{"rendered":"https:\/\/watershop.md\/?post_type=product&#038;p=22869"},"modified":"2026-03-23T10:01:50","modified_gmt":"2026-03-23T07:01:50","slug":"bucovina-tedi-%d0%b1-%d0%b3%d0%b0%d0%b7%d0%b0-6033%d0%bb-%d0%ba%d0%be%d0%bf%d0%b8%d1%80%d0%be%d0%b2%d0%b0%d1%82%d1%8c","status":"publish","type":"product","link":"https:\/\/watershop.md\/ro\/produs\/bucovina-tedi-%d0%b1-%d0%b3%d0%b0%d0%b7%d0%b0-6033%d0%bb-%d0%ba%d0%be%d0%bf%d0%b8%d1%80%d0%be%d0%b2%d0%b0%d1%82%d1%8c\/","title":{"rendered":"\u041c\u0438\u0440\u0433\u043e\u0440\u043e\u0434\u0441\u043a\u0430\u044f \u0433\u0430\u0437\u0438\u0440\u043e\u0432\u0430\u043d\u043d\u0430, 6*1,5\u043b"},"content":{"rendered":"<p>Este extras\u0103 din renumitul z\u0103c\u0103m\u00e2nt de ape minerale de la Mirgorod. Este \u00eembuteliat\u0103 direct la surs\u0103, \u00een conformitate cu normele interna\u021bionale pentru \u00eembutelierea apelor minerale naturale, asigur\u00e2nd p\u0103strarea complet\u0103 a tuturor propriet\u0103\u021bilor sale naturale.<\/p>","protected":false},"excerpt":{"rendered":"<p>\u201eMirgorodskaia\u201d este o ap\u0103 mineral\u0103 natural\u0103. Ea ofer\u0103 un plus de energie, deschiz\u00e2nd un \u201eal doilea suflu\u201d. Acest efect se datoreaz\u0103 setului unic de minerale din z\u0103c\u0103mintele de la Mirgorod.<\/p>","protected":false},"featured_media":27891,"template":"","meta":[],"product_cat":[98,156],"product_tag":[],"class_list":["post-22869","product","type-product","status-publish","has-post-thumbnail","hentry","product_cat-98","product_cat-mirgorodska"],"aioseo_notices":[],"_links":{"self":[{"href":"https:\/\/watershop.md\/ro\/wp-json\/wp\/v2\/product\/22869","targetHints":{"allow":["GET"]}}],"collection":[{"href":"https:\/\/watershop.md\/ro\/wp-json\/wp\/v2\/product"}],"about":[{"href":"https:\/\/watershop.md\/ro\/wp-json\/wp\/v2\/types\/product"}],"wp:featuredmedia":[{"embeddable":true,"href":"https:\/\/watershop.md\/ro\/wp-json\/wp\/v2\/media\/27891"}],"wp:attachment":[{"href":"https:\/\/watershop.md\/ro\/wp-json\/wp\/v2\/media?parent=22869"}],"wp:term":[{"taxonomy":"product_cat","embeddable":true,"href":"https:\/\/watershop.md\/ro\/wp-json\/wp\/v2\/product_cat?post=22869"},{"taxonomy":"product_tag","embeddable":true,"href":"https:\/\/watershop.md\/ro\/wp-json\/wp\/v2\/product_tag?post=22869"}],"curies":[{"name":"wp","href":"https:\/\/api.w.org\/{rel}","templated":true}]}}