{"id":21639,"date":"2023-11-22T17:46:32","date_gmt":"2023-11-22T14:46:32","guid":{"rendered":"https:\/\/watershop.md\/?post_type=product&#038;p=21639"},"modified":"2025-11-28T12:37:22","modified_gmt":"2025-11-28T09:37:22","slug":"%d0%bc%d0%be%d0%bb%d0%be%d0%ba%d0%be-%d0%bd%d0%b0-%d0%b7%d0%b4%d0%be%d1%80%d0%be%d0%b2%d1%8c%d0%b5-%d0%b1%d0%b5%d0%b7-%d0%bb%d0%b0%d0%ba%d1%82%d0%be%d0%b7%d1%8b-25","status":"publish","type":"product","link":"https:\/\/watershop.md\/ro\/produs\/%d0%bc%d0%be%d0%bb%d0%be%d0%ba%d0%be-%d0%bd%d0%b0-%d0%b7%d0%b4%d0%be%d1%80%d0%be%d0%b2%d1%8c%d0%b5-%d0%b1%d0%b5%d0%b7-%d0%bb%d0%b0%d0%ba%d1%82%d0%be%d0%b7%d1%8b-25\/","title":{"rendered":"\u041c\u043e\u043b\u043e\u043a\u043e \u201e\u041d\u0430 \u0417\u0434\u043e\u0440\u043e\u0432\u044c\u0435\u201d \u0431\u0435\u0437 \u043b\u0430\u043a\u0442\u043e\u0437\u044b 2,5%"},"content":{"rendered":"<p>Lapte natural, cu <strong data-start=\"179\" data-end=\"195\">2,5% gr\u0103sime<\/strong>, special creat pentru cei care prefer\u0103 o alimenta\u021bie u\u0219oar\u0103 sau au intoleran\u021b\u0103 la lactoz\u0103. P\u0103streaz\u0103 gustul autentic al laptelui proasp\u0103t, fiind \u00een acela\u0219i timp mai u\u0219or de digerat.<\/p>","protected":false},"excerpt":{"rendered":"<p>Lapte natural, cu 2,5% gr\u0103sime, special creat pentru cei care prefer\u0103 o alimenta\u021bie u\u0219oar\u0103 sau au intoleran\u021b\u0103 la lactoz\u0103. P\u0103streaz\u0103<\/p>","protected":false},"featured_media":28966,"template":"","meta":[],"product_cat":[93],"product_tag":[],"class_list":["post-21639","product","type-product","status-publish","has-post-thumbnail","hentry","product_cat-93"],"aioseo_notices":[],"_links":{"self":[{"href":"https:\/\/watershop.md\/ro\/wp-json\/wp\/v2\/product\/21639","targetHints":{"allow":["GET"]}}],"collection":[{"href":"https:\/\/watershop.md\/ro\/wp-json\/wp\/v2\/product"}],"about":[{"href":"https:\/\/watershop.md\/ro\/wp-json\/wp\/v2\/types\/product"}],"wp:featuredmedia":[{"embeddable":true,"href":"https:\/\/watershop.md\/ro\/wp-json\/wp\/v2\/media\/28966"}],"wp:attachment":[{"href":"https:\/\/watershop.md\/ro\/wp-json\/wp\/v2\/media?parent=21639"}],"wp:term":[{"taxonomy":"product_cat","embeddable":true,"href":"https:\/\/watershop.md\/ro\/wp-json\/wp\/v2\/product_cat?post=21639"},{"taxonomy":"product_tag","embeddable":true,"href":"https:\/\/watershop.md\/ro\/wp-json\/wp\/v2\/product_tag?post=21639"}],"curies":[{"name":"wp","href":"https:\/\/api.w.org\/{rel}","templated":true}]}}