{"id":19695,"date":"2022-06-22T09:36:34","date_gmt":"2022-06-22T06:36:34","guid":{"rendered":"https:\/\/watershop.md\/?post_type=product&#038;p=19695"},"modified":"2026-03-20T13:27:59","modified_gmt":"2026-03-20T10:27:59","slug":"%d0%b0%d0%bb%d1%8f%d1%81%d0%ba%d0%b0-18-9%d0%bb","status":"publish","type":"product","link":"https:\/\/watershop.md\/ro\/produs\/%d0%b0%d0%bb%d1%8f%d1%81%d0%ba%d0%b0-18-9%d0%bb\/","title":{"rendered":"Aleaska, 18,9 L"},"content":{"rendered":"<p>La tratarea apei din surse naturale, este foarte important s\u0103 ave\u021bi grij\u0103 de integritatea compozi\u021biei sale \u0219i s\u0103 purifica\u021bi numai de substan\u021be nedorite, p\u0103str\u00e2nd \u00een acela\u0219i timp toate elementele utile.<br \/>\nApa potabil\u0103 \u201eAleaska\u201d este o ap\u0103 cristalin\u0103 de calitate european\u0103, \u00een care, datorit\u0103 epur\u0103rii bl\u00e2nde a Complexului Anti Scale, se men\u021bine echilibrul ideal al mineralelor benefice.<\/p>","protected":false},"excerpt":{"rendered":"<p>* La prima comand\u0103, pentru fiecare butelie, <strong>gajul<\/strong> se achit\u0103 <strong>200 \u043b\u0435\u0439<\/strong>.<\/p>","protected":false},"featured_media":29063,"template":"","meta":[],"product_cat":[64],"product_tag":[],"class_list":["post-19695","product","type-product","status-publish","has-post-thumbnail","hentry","product_cat-64"],"aioseo_notices":[],"_links":{"self":[{"href":"https:\/\/watershop.md\/ro\/wp-json\/wp\/v2\/product\/19695","targetHints":{"allow":["GET"]}}],"collection":[{"href":"https:\/\/watershop.md\/ro\/wp-json\/wp\/v2\/product"}],"about":[{"href":"https:\/\/watershop.md\/ro\/wp-json\/wp\/v2\/types\/product"}],"wp:featuredmedia":[{"embeddable":true,"href":"https:\/\/watershop.md\/ro\/wp-json\/wp\/v2\/media\/29063"}],"wp:attachment":[{"href":"https:\/\/watershop.md\/ro\/wp-json\/wp\/v2\/media?parent=19695"}],"wp:term":[{"taxonomy":"product_cat","embeddable":true,"href":"https:\/\/watershop.md\/ro\/wp-json\/wp\/v2\/product_cat?post=19695"},{"taxonomy":"product_tag","embeddable":true,"href":"https:\/\/watershop.md\/ro\/wp-json\/wp\/v2\/product_tag?post=19695"}],"curies":[{"name":"wp","href":"https:\/\/api.w.org\/{rel}","templated":true}]}}