{"id":18824,"date":"2021-10-04T09:17:44","date_gmt":"2021-10-04T06:17:44","guid":{"rendered":"https:\/\/watershop.md\/?post_type=product&#038;p=18824"},"modified":"2026-03-20T14:38:17","modified_gmt":"2026-03-20T11:38:17","slug":"%d0%ba%d1%83%d0%bb%d0%bb%d0%b5%d1%80-dafi-yl-1663s-b","status":"publish","type":"product","link":"https:\/\/watershop.md\/ro\/produs\/%d0%ba%d1%83%d0%bb%d0%bb%d0%b5%d1%80-dafi-yl-1663s-b\/","title":{"rendered":"\u041a\u0443\u043b\u043b\u0435\u0440 DAFI YL1663 S-B"},"content":{"rendered":"<p><strong>Parametri tehnici:<\/strong><\/p>\n<p>Puterea de \u00eenc\u0103lzire: 420 W<br \/>\nPuterea de r\u0103cire: 120 W<br \/>\n\u00cenc\u0103lzire: \u226585\u2103, \u22654 l\/h<br \/>\nR\u0103cire: \u226410\u2103, \u22652 l\/h<br \/>\nMasa brut\u0103\/nett\u0103: 15,2\/13,6 kg<br \/>\nDimensiuni: 301x325x933 mm<br \/>\nDimensiuni ambalaj: 360x335x985 cm<\/p>\n<p><strong>* Dozatorul se vinde f\u0103ra butelie. Nu necesit\u0103 conexiune la apeduct.<\/strong><\/p>","protected":false},"excerpt":{"rendered":"<p>Dozator ap\u0103 de podea*<\/p>\n<p><strong>Culoare: alb<\/strong><\/p>\n<p><strong>-Compresor<\/strong><\/p>\n<p><strong>-Fierbinte\/c\u0103ldu\u021b\u0103\/rece \u00a0 \u00a0 \u00a0 \u00a0 \u00a0 \u00a0 \u00a0\u00a0<\/strong><\/p>\n<p>-\u0412\u0435\u0440\u0445\u043d\u044f\u044f \u0437\u0430\u0433\u0440\u0443\u0437\u043a\u0430<\/p>\n<p>- \u00cencuietoare pentru copii la robinetul de ap\u0103 cald\u0103<\/p>\n<p>-Dispozitiv dublu de siguran\u021b\u0103 pentru a preveni supra\u00eenc\u0103lzirea<\/p>\n<p>- R\u0103cire cu compresor de \u00eenalt\u0103 eficien\u021b\u0103<\/p>\n<p>- Rezervor de ap\u0103 cald\u0103 din o\u021bel inoxidabil<\/p>\n<p>-\u0421 \u0445\u043e\u043b\u043e\u0434\u0438\u043b\u044c\u043d\u0438\u043a\u043e\u043c<\/p>","protected":false},"featured_media":28847,"template":"","meta":[],"product_cat":[167],"product_tag":[],"class_list":["post-18824","product","type-product","status-publish","has-post-thumbnail","hentry","product_cat-167"],"aioseo_notices":[],"_links":{"self":[{"href":"https:\/\/watershop.md\/ro\/wp-json\/wp\/v2\/product\/18824","targetHints":{"allow":["GET"]}}],"collection":[{"href":"https:\/\/watershop.md\/ro\/wp-json\/wp\/v2\/product"}],"about":[{"href":"https:\/\/watershop.md\/ro\/wp-json\/wp\/v2\/types\/product"}],"wp:featuredmedia":[{"embeddable":true,"href":"https:\/\/watershop.md\/ro\/wp-json\/wp\/v2\/media\/28847"}],"wp:attachment":[{"href":"https:\/\/watershop.md\/ro\/wp-json\/wp\/v2\/media?parent=18824"}],"wp:term":[{"taxonomy":"product_cat","embeddable":true,"href":"https:\/\/watershop.md\/ro\/wp-json\/wp\/v2\/product_cat?post=18824"},{"taxonomy":"product_tag","embeddable":true,"href":"https:\/\/watershop.md\/ro\/wp-json\/wp\/v2\/product_tag?post=18824"}],"curies":[{"name":"wp","href":"https:\/\/api.w.org\/{rel}","templated":true}]}}