{"id":17145,"date":"2020-09-14T15:05:23","date_gmt":"2020-09-14T12:05:23","guid":{"rendered":"https:\/\/watershop.md\/?post_type=product&#038;p=17145"},"modified":"2026-03-20T14:54:40","modified_gmt":"2026-03-20T11:54:40","slug":"bucovina-%d0%b3%d0%b0%d0%b7%d0%b8%d1%80%d0%be%d0%b2%d0%b0%d0%bd%d0%bd%d0%b0%d1%8f-%d0%b2%d0%be%d0%b4%d0%b0-15%d0%bb-6-%d1%88%d1%82","status":"publish","type":"product","link":"https:\/\/watershop.md\/ro\/produs\/bucovina-%d0%b3%d0%b0%d0%b7%d0%b8%d1%80%d0%be%d0%b2%d0%b0%d0%bd%d0%bd%d0%b0%d1%8f-%d0%b2%d0%be%d0%b4%d0%b0-15%d0%bb-6-%d1%88%d1%82\/","title":{"rendered":"BUCOVINA gazat\u0103, 6*1,5L"},"content":{"rendered":"","protected":false},"excerpt":{"rendered":"<p>Apa mineral\u0103 natural\u0103 carbogazificat\u0103 Bucovina are un con\u0163inut redus de sodiu, gust pl\u0103cut \u0219i echilibrat, precum \u0219i propriet\u0103\u0163i deosebite de a lega \u015fi re\u0163ine dioxidul de carbon, asigur\u00e2nd tranzitul de electroli\u0163i \u00een organism, esen\u0163iali func\u0163ion\u0103rii normale a acestuia.<\/p>","protected":false},"featured_media":21486,"template":"","meta":[],"product_cat":[111,98],"product_tag":[],"class_list":["post-17145","product","type-product","status-publish","has-post-thumbnail","hentry","product_cat-bucovina","product_cat-98"],"aioseo_notices":[],"_links":{"self":[{"href":"https:\/\/watershop.md\/ro\/wp-json\/wp\/v2\/product\/17145","targetHints":{"allow":["GET"]}}],"collection":[{"href":"https:\/\/watershop.md\/ro\/wp-json\/wp\/v2\/product"}],"about":[{"href":"https:\/\/watershop.md\/ro\/wp-json\/wp\/v2\/types\/product"}],"wp:featuredmedia":[{"embeddable":true,"href":"https:\/\/watershop.md\/ro\/wp-json\/wp\/v2\/media\/21486"}],"wp:attachment":[{"href":"https:\/\/watershop.md\/ro\/wp-json\/wp\/v2\/media?parent=17145"}],"wp:term":[{"taxonomy":"product_cat","embeddable":true,"href":"https:\/\/watershop.md\/ro\/wp-json\/wp\/v2\/product_cat?post=17145"},{"taxonomy":"product_tag","embeddable":true,"href":"https:\/\/watershop.md\/ro\/wp-json\/wp\/v2\/product_tag?post=17145"}],"curies":[{"name":"wp","href":"https:\/\/api.w.org\/{rel}","templated":true}]}}