{"id":17125,"date":"2020-09-14T14:40:52","date_gmt":"2020-09-14T11:40:52","guid":{"rendered":"https:\/\/watershop.md\/?post_type=product&#038;p=17125"},"modified":"2026-03-20T14:53:30","modified_gmt":"2026-03-20T11:53:30","slug":"bucovina-%d0%b1-%d0%b3%d0%b0%d0%b7%d0%b0-2%d0%bb-6%d1%88%d1%82","status":"publish","type":"product","link":"https:\/\/watershop.md\/ro\/produs\/bucovina-%d0%b1-%d0%b3%d0%b0%d0%b7%d0%b0-2%d0%bb-6%d1%88%d1%82\/","title":{"rendered":"BUCOVINA plat\u0103, 6*2L"},"content":{"rendered":"<p>Apa Bucovina \u00ee\u015fi p\u0103streaz\u0103 aportul de minerale benefice organismului datorit\u0103 con\u0163inutului echilibrat de s\u0103ruri minerale, dar \u0219i a purit\u0103\u0163ii originare, caracterizat\u0103 prin lipsa total\u0103 a contaminan\u0163ilor fizico-chimici \u0219i microbiologici.<\/p>","protected":false},"excerpt":{"rendered":"<p>Apa mineral\u0103 natural\u0103 oligomineral\u0103 necarbogazificat\u0103 Bucovina este alegerea perfect\u0103 pentru familiile numeroase. Este u\u0219or de depozitat, iar datorit\u0103 sistemului avansat de \u00eembuteliere, \u00ee\u0219i men\u0163ine prospe\u0163imea timp \u00eendelungat.<\/p>","protected":false},"featured_media":21487,"template":"","meta":[],"product_cat":[111,98],"product_tag":[],"class_list":["post-17125","product","type-product","status-publish","has-post-thumbnail","hentry","product_cat-bucovina","product_cat-98"],"aioseo_notices":[],"_links":{"self":[{"href":"https:\/\/watershop.md\/ro\/wp-json\/wp\/v2\/product\/17125","targetHints":{"allow":["GET"]}}],"collection":[{"href":"https:\/\/watershop.md\/ro\/wp-json\/wp\/v2\/product"}],"about":[{"href":"https:\/\/watershop.md\/ro\/wp-json\/wp\/v2\/types\/product"}],"wp:featuredmedia":[{"embeddable":true,"href":"https:\/\/watershop.md\/ro\/wp-json\/wp\/v2\/media\/21487"}],"wp:attachment":[{"href":"https:\/\/watershop.md\/ro\/wp-json\/wp\/v2\/media?parent=17125"}],"wp:term":[{"taxonomy":"product_cat","embeddable":true,"href":"https:\/\/watershop.md\/ro\/wp-json\/wp\/v2\/product_cat?post=17125"},{"taxonomy":"product_tag","embeddable":true,"href":"https:\/\/watershop.md\/ro\/wp-json\/wp\/v2\/product_tag?post=17125"}],"curies":[{"name":"wp","href":"https:\/\/api.w.org\/{rel}","templated":true}]}}