{"id":16890,"date":"2020-09-02T15:16:37","date_gmt":"2020-09-02T12:16:37","guid":{"rendered":"https:\/\/watershop.md\/?post_type=product&#038;p=16890"},"modified":"2026-03-20T15:03:15","modified_gmt":"2026-03-20T12:03:15","slug":"devin-%d1%80%d0%be%d0%b4%d0%bd%d0%b8%d0%ba-%d0%b1-%d0%b3%d0%b0%d0%b7-15%d0%bb","status":"publish","type":"product","link":"https:\/\/watershop.md\/ro\/produs\/devin-%d1%80%d0%be%d0%b4%d0%bd%d0%b8%d0%ba-%d0%b1-%d0%b3%d0%b0%d0%b7-15%d0%bb\/","title":{"rendered":"DEVIN de izvor f\/gaz. 6*1,5L"},"content":{"rendered":"<p>Ap\u0103 pur\u0103 de izvor<br \/>\nProvine dintr-un izvor ecologic aflat in Muntii Rodopi din Bulgaria si ajunge la tine direct de la sursa, neatins\u0103 de m\u00e2na omului. Apa Devin are un echilibru unic de minerale av\u00e2nd o mineralizare total\u0103 redus\u0103. Aceste caracteristici naturale ale apei Devin o fac cea mai potrivit\u0103 pentru utilizarea zilnic\u0103 de c\u0103tre intreaga familie, precum si pentru preg\u0103tirea hranei bebelusilor si a copiilor fiind indicat\u0103 inclusiv femeilor ins\u0103rcinate.<\/p>\n<p>Este singura ap\u0103 recomandat\u0103 de Asociatia Pediatrilor din Bulgaria.<\/p>","protected":false},"excerpt":{"rendered":"<p>pH&#8230;&#8230;&#8230;&#8230;&#8230;&#8230;..7,8<\/p>","protected":false},"featured_media":28871,"template":"","meta":[],"product_cat":[105,98],"product_tag":[],"class_list":["post-16890","product","type-product","status-publish","has-post-thumbnail","hentry","product_cat-devin","product_cat-98"],"aioseo_notices":[],"_links":{"self":[{"href":"https:\/\/watershop.md\/ro\/wp-json\/wp\/v2\/product\/16890","targetHints":{"allow":["GET"]}}],"collection":[{"href":"https:\/\/watershop.md\/ro\/wp-json\/wp\/v2\/product"}],"about":[{"href":"https:\/\/watershop.md\/ro\/wp-json\/wp\/v2\/types\/product"}],"wp:featuredmedia":[{"embeddable":true,"href":"https:\/\/watershop.md\/ro\/wp-json\/wp\/v2\/media\/28871"}],"wp:attachment":[{"href":"https:\/\/watershop.md\/ro\/wp-json\/wp\/v2\/media?parent=16890"}],"wp:term":[{"taxonomy":"product_cat","embeddable":true,"href":"https:\/\/watershop.md\/ro\/wp-json\/wp\/v2\/product_cat?post=16890"},{"taxonomy":"product_tag","embeddable":true,"href":"https:\/\/watershop.md\/ro\/wp-json\/wp\/v2\/product_tag?post=16890"}],"curies":[{"name":"wp","href":"https:\/\/api.w.org\/{rel}","templated":true}]}}