{"id":16873,"date":"2020-09-02T14:28:20","date_gmt":"2020-09-02T11:28:20","guid":{"rendered":"https:\/\/watershop.md\/?post_type=product&#038;p=16873"},"modified":"2026-03-20T15:04:28","modified_gmt":"2026-03-20T12:04:28","slug":"devin-%d0%bc%d0%b8%d0%bd%d0%b5%d1%80%d0%b0%d0%bb%d1%8c%d0%bd%d0%b0%d1%8f-%d0%b1-%d0%b3%d0%b0%d0%b7-05%d0%bb-2","status":"publish","type":"product","link":"https:\/\/watershop.md\/ro\/produs\/devin-%d0%bc%d0%b8%d0%bd%d0%b5%d1%80%d0%b0%d0%bb%d1%8c%d0%bd%d0%b0%d1%8f-%d0%b1-%d0%b3%d0%b0%d0%b7-05%d0%bb-2\/","title":{"rendered":"DEVIN mineral f\/gaz. 6*1,5L"},"content":{"rendered":"<p>Apa mineral\u0103 Devin provine din izvorul Devin situat \u00een inima mun\u021bilor Rhodope din Bulgaria, situat \u00eentr-un ora\u0219 numit Devin Sondazh 5. Este o regiune ecologic curat\u0103, pe o raz\u0103 de 50 km de la care nu exist\u0103 produc\u021bie industrial\u0103. Aceast\u0103 circumstan\u021b\u0103 este foarte important\u0103 din punct de vedere al calit\u0103\u021bii \u0219i compozi\u021biei apei.<\/p>\n<p>Apa mineral\u0103 Devin iese la suprafa\u021ba p\u0103m\u00e2ntului la o temperatur\u0103 de 44 \u00b0 C \u0219i este \u00eembuteliat\u0103 la aceea\u0219i temperatur\u0103 neprelucrat\u0103. Astfel, at\u00e2t con\u021binutul de minerale, c\u00e2t \u0219i con\u021binutul alcalin al apei (pH ridicat 9,56) \u0219i propriet\u0103\u021bile naturale r\u0103m\u00e2n neschimbate. \u00cembutelierea se efectueaz\u0103 \u00een conformitate cu cerin\u021be de \u00eenalt\u0103 calitate, care \u00eendeplinesc standardele interna\u021bionale stabilite.<\/p>","protected":false},"excerpt":{"rendered":"<p>pH&#8230;&#8230;&#8230;&#8230;&#8230;&#8230;..9,42<\/p>","protected":false},"featured_media":28880,"template":"","meta":[],"product_cat":[105,98],"product_tag":[],"class_list":["post-16873","product","type-product","status-publish","has-post-thumbnail","hentry","product_cat-devin","product_cat-98"],"aioseo_notices":[],"_links":{"self":[{"href":"https:\/\/watershop.md\/ro\/wp-json\/wp\/v2\/product\/16873","targetHints":{"allow":["GET"]}}],"collection":[{"href":"https:\/\/watershop.md\/ro\/wp-json\/wp\/v2\/product"}],"about":[{"href":"https:\/\/watershop.md\/ro\/wp-json\/wp\/v2\/types\/product"}],"wp:featuredmedia":[{"embeddable":true,"href":"https:\/\/watershop.md\/ro\/wp-json\/wp\/v2\/media\/28880"}],"wp:attachment":[{"href":"https:\/\/watershop.md\/ro\/wp-json\/wp\/v2\/media?parent=16873"}],"wp:term":[{"taxonomy":"product_cat","embeddable":true,"href":"https:\/\/watershop.md\/ro\/wp-json\/wp\/v2\/product_cat?post=16873"},{"taxonomy":"product_tag","embeddable":true,"href":"https:\/\/watershop.md\/ro\/wp-json\/wp\/v2\/product_tag?post=16873"}],"curies":[{"name":"wp","href":"https:\/\/api.w.org\/{rel}","templated":true}]}}